{"id":119,"date":"2016-09-30T11:10:05","date_gmt":"2016-09-30T09:10:05","guid":{"rendered":"http:\/\/staddi.de\/?page_id=119"},"modified":"2016-09-30T13:06:54","modified_gmt":"2016-09-30T11:06:54","slug":"irland-tag-3-an-den-klippen-entlang-nach-greystones","status":"publish","type":"page","link":"https:\/\/www.staddi.de\/?page_id=119","title":{"rendered":"Irland Tag 3: an den Klippen entlang nach Greystones"},"content":{"rendered":"<p>Heute geht es dann richtig los mit der Wandertour. Kurz die Tram genommen und bis zum Ende nach Bride&#8217;s Glen gefahren, um von dort schnellstm\u00f6glich zum Meer zu kommen. Zum Gl\u00fcck war gerade Ebbe, somit konnte ich tats\u00e4chlich am Strand und den Klippen entlang laufen bis nach Bray, dort kurz pausiert und dann weiter \u00fcber den sogenannten Cliff Walk nach Greystones. F\u00fchrt parallel neben\/\u00fcber den Schienen direkt die Klippen entlang, insgesamt ein sch\u00f6ner Weg. Kaum in Greystones angekommen musste ich aber schon wieder 3km zur\u00fcck laufen an der Stra\u00dfe entlang zu meiner \u00dcbernachtungsm\u00f6glichkeit. Dank AirBnB habe ich \u00fcbrigens in den Orten ohne Hostel ziemlich g\u00fcnstig \u00fcbernachten k\u00f6nnen. In Greystones, Wicklow Town und Roundwood.<\/p>\n<div class='gallery'><dl class='gallery-item'>\n\t\t\t<dt class='gallery-icon landscape'>\n\t\t\t\t<a href='https:\/\/www.staddi.de\/wp-content\/uploads\/2016\/09\/20160922_122039.jpg'><img loading=\"lazy\" decoding=\"async\" width=\"150\" height=\"150\" src=\"https:\/\/www.staddi.de\/wp-content\/uploads\/2016\/09\/20160922_122039-150x150.jpg\" class=\"attachment-thumbnail size-thumbnail\" alt=\"\" \/><\/a>\n\t\t\t<\/dt><\/dl><dl class='gallery-item'>\n\t\t\t<dt class='gallery-icon landscape'>\n\t\t\t\t<a href='https:\/\/www.staddi.de\/wp-content\/uploads\/2016\/09\/20160922_122052.jpg'><img loading=\"lazy\" decoding=\"async\" width=\"150\" height=\"150\" src=\"https:\/\/www.staddi.de\/wp-content\/uploads\/2016\/09\/20160922_122052-150x150.jpg\" class=\"attachment-thumbnail size-thumbnail\" alt=\"\" \/><\/a>\n\t\t\t<\/dt><\/dl><dl class='gallery-item'>\n\t\t\t<dt class='gallery-icon landscape'>\n\t\t\t\t<a href='https:\/\/www.staddi.de\/wp-content\/uploads\/2016\/09\/20160922_124656.jpg'><img loading=\"lazy\" decoding=\"async\" width=\"150\" height=\"150\" src=\"https:\/\/www.staddi.de\/wp-content\/uploads\/2016\/09\/20160922_124656-150x150.jpg\" class=\"attachment-thumbnail size-thumbnail\" alt=\"\" \/><\/a>\n\t\t\t<\/dt><\/dl><dl class='gallery-item'>\n\t\t\t<dt class='gallery-icon landscape'>\n\t\t\t\t<a href='https:\/\/www.staddi.de\/wp-content\/uploads\/2016\/09\/20160922_124701.jpg'><img loading=\"lazy\" decoding=\"async\" width=\"150\" height=\"150\" src=\"https:\/\/www.staddi.de\/wp-content\/uploads\/2016\/09\/20160922_124701-150x150.jpg\" class=\"attachment-thumbnail size-thumbnail\" alt=\"\" \/><\/a>\n\t\t\t<\/dt><\/dl><br style=\"clear: both\" \/><dl class='gallery-item'>\n\t\t\t<dt class='gallery-icon landscape'>\n\t\t\t\t<a href='https:\/\/www.staddi.de\/wp-content\/uploads\/2016\/09\/20160922_125043.jpg'><img loading=\"lazy\" decoding=\"async\" width=\"150\" height=\"150\" src=\"https:\/\/www.staddi.de\/wp-content\/uploads\/2016\/09\/20160922_125043-150x150.jpg\" class=\"attachment-thumbnail size-thumbnail\" alt=\"\" \/><\/a>\n\t\t\t<\/dt><\/dl><dl class='gallery-item'>\n\t\t\t<dt class='gallery-icon landscape'>\n\t\t\t\t<a href='https:\/\/www.staddi.de\/wp-content\/uploads\/2016\/09\/20160922_131412.jpg'><img loading=\"lazy\" decoding=\"async\" width=\"150\" height=\"150\" src=\"https:\/\/www.staddi.de\/wp-content\/uploads\/2016\/09\/20160922_131412-150x150.jpg\" class=\"attachment-thumbnail size-thumbnail\" alt=\"\" \/><\/a>\n\t\t\t<\/dt><\/dl><dl class='gallery-item'>\n\t\t\t<dt class='gallery-icon landscape'>\n\t\t\t\t<a href='https:\/\/www.staddi.de\/wp-content\/uploads\/2016\/09\/20160922_152452.jpg'><img loading=\"lazy\" decoding=\"async\" width=\"150\" height=\"150\" src=\"https:\/\/www.staddi.de\/wp-content\/uploads\/2016\/09\/20160922_152452-150x150.jpg\" class=\"attachment-thumbnail size-thumbnail\" alt=\"\" \/><\/a>\n\t\t\t<\/dt><\/dl><dl class='gallery-item'>\n\t\t\t<dt class='gallery-icon landscape'>\n\t\t\t\t<a href='https:\/\/www.staddi.de\/wp-content\/uploads\/2016\/09\/20160922_152944.jpg'><img loading=\"lazy\" decoding=\"async\" width=\"150\" height=\"150\" src=\"https:\/\/www.staddi.de\/wp-content\/uploads\/2016\/09\/20160922_152944-150x150.jpg\" class=\"attachment-thumbnail size-thumbnail\" alt=\"\" \/><\/a>\n\t\t\t<\/dt><\/dl><br style=\"clear: both\" \/><dl class='gallery-item'>\n\t\t\t<dt class='gallery-icon landscape'>\n\t\t\t\t<a href='https:\/\/www.staddi.de\/wp-content\/uploads\/2016\/09\/20160922_154001.jpg'><img loading=\"lazy\" decoding=\"async\" width=\"150\" height=\"150\" src=\"https:\/\/www.staddi.de\/wp-content\/uploads\/2016\/09\/20160922_154001-150x150.jpg\" class=\"attachment-thumbnail size-thumbnail\" alt=\"\" \/><\/a>\n\t\t\t<\/dt><\/dl><dl class='gallery-item'>\n\t\t\t<dt class='gallery-icon landscape'>\n\t\t\t\t<a href='https:\/\/www.staddi.de\/wp-content\/uploads\/2016\/09\/20160922_155155.jpg'><img loading=\"lazy\" decoding=\"async\" width=\"150\" height=\"150\" src=\"https:\/\/www.staddi.de\/wp-content\/uploads\/2016\/09\/20160922_155155-150x150.jpg\" class=\"attachment-thumbnail size-thumbnail\" alt=\"\" \/><\/a>\n\t\t\t<\/dt><\/dl><dl class='gallery-item'>\n\t\t\t<dt class='gallery-icon landscape'>\n\t\t\t\t<a href='https:\/\/www.staddi.de\/wp-content\/uploads\/2016\/09\/20160922_160604.jpg'><img loading=\"lazy\" decoding=\"async\" width=\"150\" height=\"150\" src=\"https:\/\/www.staddi.de\/wp-content\/uploads\/2016\/09\/20160922_160604-150x150.jpg\" class=\"attachment-thumbnail size-thumbnail\" alt=\"\" \/><\/a>\n\t\t\t<\/dt><\/dl>\n\t\t\t<br style='clear: both' \/>\n\t\t<\/div>\n\n<p><center><a href=\"http:\/\/staddi.de\/?page_id=94\">Inhalt<\/a> || <a href=\"http:\/\/staddi.de\/?page_id=121\">Tag 4<\/a><\/center><\/p>\n","protected":false},"excerpt":{"rendered":"<p>Heute geht es dann richtig los mit der Wandertour. Kurz die Tram genommen und bis zum Ende nach Bride&#8217;s Glen gefahren, um von dort schnellstm\u00f6glich zum Meer zu kommen. Zum Gl\u00fcck war gerade Ebbe, somit konnte ich tats\u00e4chlich am Strand und den Klippen entlang laufen bis nach Bray, dort kurz [&hellip;]<\/p>\n","protected":false},"author":1,"featured_media":0,"parent":94,"menu_order":3,"comment_status":"closed","ping_status":"closed","template":"template-fullwidth.php","meta":{"footnotes":""},"class_list":["post-119","page","type-page","status-publish","hentry"],"_links":{"self":[{"href":"https:\/\/www.staddi.de\/index.php?rest_route=\/wp\/v2\/pages\/119","targetHints":{"allow":["GET"]}}],"collection":[{"href":"https:\/\/www.staddi.de\/index.php?rest_route=\/wp\/v2\/pages"}],"about":[{"href":"https:\/\/www.staddi.de\/index.php?rest_route=\/wp\/v2\/types\/page"}],"author":[{"embeddable":true,"href":"https:\/\/www.staddi.de\/index.php?rest_route=\/wp\/v2\/users\/1"}],"replies":[{"embeddable":true,"href":"https:\/\/www.staddi.de\/index.php?rest_route=%2Fwp%2Fv2%2Fcomments&post=119"}],"version-history":[{"count":3,"href":"https:\/\/www.staddi.de\/index.php?rest_route=\/wp\/v2\/pages\/119\/revisions"}],"predecessor-version":[{"id":162,"href":"https:\/\/www.staddi.de\/index.php?rest_route=\/wp\/v2\/pages\/119\/revisions\/162"}],"up":[{"embeddable":true,"href":"https:\/\/www.staddi.de\/index.php?rest_route=\/wp\/v2\/pages\/94"}],"wp:attachment":[{"href":"https:\/\/www.staddi.de\/index.php?rest_route=%2Fwp%2Fv2%2Fmedia&parent=119"}],"curies":[{"name":"wp","href":"https:\/\/api.w.org\/{rel}","templated":true}]}}