{"id":121,"date":"2016-09-30T11:10:26","date_gmt":"2016-09-30T09:10:26","guid":{"rendered":"http:\/\/staddi.de\/?page_id=121"},"modified":"2016-09-30T13:16:33","modified_gmt":"2016-09-30T11:16:33","slug":"irland-tag-4-am-strand-nach-wicklow","status":"publish","type":"page","link":"https:\/\/www.staddi.de\/?page_id=121","title":{"rendered":"Irland Tag 4: Am Strand nach Wicklow"},"content":{"rendered":"<p>Der vierte Tag war wohl der &#8222;schlimmste&#8220;, zumindest f\u00fcr mich k\u00f6rperlich. Es war recht gutes Wetter, aber ich bin viele viele km gelaufen (so ca. 22km) und war am Ende einfach froh, in Wicklow angekommen zu sein. Das Hostel, dass es laut Google Maps dort \u00fcbrigens geben sollte ist schon etwas l\u00e4nger nicht mehr vorhanden. Aber es gibt ja noch andere M\u00f6glichkeiten f\u00fcr die \u00dcbernachtung. Der Weg an sich war relativ flach und es gab nur wenig superinteressantes zu sehen, aber daf\u00fcr gab es etwas anderes f\u00fcr mich wie man das vom Strand kennt: Man bekommt Farbe. Wenn man 7 Stunden lang am Ufer bei Sonnenschein Richtung S\u00fcden l\u00e4uft w\u00e4re es aber auch schlimm, wenn nicht.<\/p>\n<div class='gallery'><dl class='gallery-item'>\n\t\t\t<dt class='gallery-icon landscape'>\n\t\t\t\t<a href='https:\/\/www.staddi.de\/wp-content\/uploads\/2016\/09\/20160923_115027.jpg'><img loading=\"lazy\" decoding=\"async\" width=\"150\" height=\"150\" src=\"https:\/\/www.staddi.de\/wp-content\/uploads\/2016\/09\/20160923_115027-150x150.jpg\" class=\"attachment-thumbnail size-thumbnail\" alt=\"\" \/><\/a>\n\t\t\t<\/dt><\/dl><dl class='gallery-item'>\n\t\t\t<dt class='gallery-icon landscape'>\n\t\t\t\t<a href='https:\/\/www.staddi.de\/wp-content\/uploads\/2016\/09\/20160923_115031.jpg'><img loading=\"lazy\" decoding=\"async\" width=\"150\" height=\"150\" src=\"https:\/\/www.staddi.de\/wp-content\/uploads\/2016\/09\/20160923_115031-150x150.jpg\" class=\"attachment-thumbnail size-thumbnail\" alt=\"\" \/><\/a>\n\t\t\t<\/dt><\/dl><dl class='gallery-item'>\n\t\t\t<dt class='gallery-icon landscape'>\n\t\t\t\t<a href='https:\/\/www.staddi.de\/wp-content\/uploads\/2016\/09\/20160923_162640.jpg'><img loading=\"lazy\" decoding=\"async\" width=\"150\" height=\"150\" src=\"https:\/\/www.staddi.de\/wp-content\/uploads\/2016\/09\/20160923_162640-150x150.jpg\" class=\"attachment-thumbnail size-thumbnail\" alt=\"\" \/><\/a>\n\t\t\t<\/dt><\/dl><br style=\"clear: both\" \/><dl class='gallery-item'>\n\t\t\t<dt class='gallery-icon landscape'>\n\t\t\t\t<a href='https:\/\/www.staddi.de\/wp-content\/uploads\/2016\/09\/20160923_162646.jpg'><img loading=\"lazy\" decoding=\"async\" width=\"150\" height=\"150\" src=\"https:\/\/www.staddi.de\/wp-content\/uploads\/2016\/09\/20160923_162646-150x150.jpg\" class=\"attachment-thumbnail size-thumbnail\" alt=\"\" \/><\/a>\n\t\t\t<\/dt><\/dl><dl class='gallery-item'>\n\t\t\t<dt class='gallery-icon landscape'>\n\t\t\t\t<a href='https:\/\/www.staddi.de\/wp-content\/uploads\/2016\/09\/20160923_162654.jpg'><img loading=\"lazy\" decoding=\"async\" width=\"150\" height=\"150\" src=\"https:\/\/www.staddi.de\/wp-content\/uploads\/2016\/09\/20160923_162654-150x150.jpg\" class=\"attachment-thumbnail size-thumbnail\" alt=\"\" \/><\/a>\n\t\t\t<\/dt><\/dl><dl class='gallery-item'>\n\t\t\t<dt class='gallery-icon landscape'>\n\t\t\t\t<a href='https:\/\/www.staddi.de\/wp-content\/uploads\/2016\/09\/20160923_164903.jpg'><img loading=\"lazy\" decoding=\"async\" width=\"150\" height=\"150\" src=\"https:\/\/www.staddi.de\/wp-content\/uploads\/2016\/09\/20160923_164903-150x150.jpg\" class=\"attachment-thumbnail size-thumbnail\" alt=\"\" \/><\/a>\n\t\t\t<\/dt><\/dl><br style=\"clear: both\" \/>\n\t\t<\/div>\n\n<p><center><a href=\"http:\/\/staddi.de\/?page_id=94\">Inhalt<\/a> || <a href=\"http:\/\/staddi.de\/?page_id=123\">Tag 5<\/a><\/center><\/p>\n","protected":false},"excerpt":{"rendered":"<p>Der vierte Tag war wohl der &#8222;schlimmste&#8220;, zumindest f\u00fcr mich k\u00f6rperlich. Es war recht gutes Wetter, aber ich bin viele viele km gelaufen (so ca. 22km) und war am Ende einfach froh, in Wicklow angekommen zu sein. Das Hostel, dass es laut Google Maps dort \u00fcbrigens geben sollte ist schon [&hellip;]<\/p>\n","protected":false},"author":1,"featured_media":0,"parent":94,"menu_order":4,"comment_status":"closed","ping_status":"closed","template":"template-fullwidth.php","meta":{"footnotes":""},"class_list":["post-121","page","type-page","status-publish","hentry"],"_links":{"self":[{"href":"https:\/\/www.staddi.de\/index.php?rest_route=\/wp\/v2\/pages\/121","targetHints":{"allow":["GET"]}}],"collection":[{"href":"https:\/\/www.staddi.de\/index.php?rest_route=\/wp\/v2\/pages"}],"about":[{"href":"https:\/\/www.staddi.de\/index.php?rest_route=\/wp\/v2\/types\/page"}],"author":[{"embeddable":true,"href":"https:\/\/www.staddi.de\/index.php?rest_route=\/wp\/v2\/users\/1"}],"replies":[{"embeddable":true,"href":"https:\/\/www.staddi.de\/index.php?rest_route=%2Fwp%2Fv2%2Fcomments&post=121"}],"version-history":[{"count":4,"href":"https:\/\/www.staddi.de\/index.php?rest_route=\/wp\/v2\/pages\/121\/revisions"}],"predecessor-version":[{"id":172,"href":"https:\/\/www.staddi.de\/index.php?rest_route=\/wp\/v2\/pages\/121\/revisions\/172"}],"up":[{"embeddable":true,"href":"https:\/\/www.staddi.de\/index.php?rest_route=\/wp\/v2\/pages\/94"}],"wp:attachment":[{"href":"https:\/\/www.staddi.de\/index.php?rest_route=%2Fwp%2Fv2%2Fmedia&parent=121"}],"curies":[{"name":"wp","href":"https:\/\/api.w.org\/{rel}","templated":true}]}}