{"id":123,"date":"2016-09-30T11:10:43","date_gmt":"2016-09-30T09:10:43","guid":{"rendered":"http:\/\/staddi.de\/?page_id=123"},"modified":"2016-09-30T13:33:38","modified_gmt":"2016-09-30T11:33:38","slug":"irland-tag-5-wicklow-town","status":"publish","type":"page","link":"https:\/\/www.staddi.de\/?page_id=123","title":{"rendered":"Irland Tag 5: Wicklow Town"},"content":{"rendered":"<p>So, Wetter wurde schlechter, Regen und starker Wind. Da ich noch etwas kaputt war habe ich also einen Tag im Ort verbracht. H\u00fcbsches \u00d6rtchen, mit einer kleinen Ruine und alten Kanonen, und am Hafen taucht hin und wieder ein Seehund auf, das bereits als inoffizielles Maskottchen gehandelt wird laut meiner Gastgeberin. Da sich Sammy aber nicht immer zeigt &#8211; ist immerhin ein frei lebendes Tier -, muss man Gl\u00fcck haben. Darf auch nicht gef\u00fcttert werden, sonst gew\u00f6hnt er sich dran.<br \/>\nAuf den beiden Kartenbildern k\u00f6nnt Ihr schon den Rest meines Weges erahnen: von Rathdrum den Avonmore River entlang nach Laragh bzw. Glendalogh (\u00fcbrigens lobte mich meine Gastgeberin f\u00fcr die korrekte Aussprache des Ortes: &#8222;Seems like your Irish kicks in.&#8220;) und dann den Wicklow Way nach Norden zur\u00fcck nach Dublin.<\/p>\n<div class='gallery'><dl class='gallery-item'>\n\t\t\t<dt class='gallery-icon landscape'>\n\t\t\t\t<a href='https:\/\/www.staddi.de\/wp-content\/uploads\/2016\/09\/20160924_101217.jpg'><img loading=\"lazy\" decoding=\"async\" width=\"150\" height=\"150\" src=\"https:\/\/www.staddi.de\/wp-content\/uploads\/2016\/09\/20160924_101217-150x150.jpg\" class=\"attachment-thumbnail size-thumbnail\" alt=\"\" \/><\/a>\n\t\t\t<\/dt><\/dl><dl class='gallery-item'>\n\t\t\t<dt class='gallery-icon landscape'>\n\t\t\t\t<a href='https:\/\/www.staddi.de\/wp-content\/uploads\/2016\/09\/20160924_101256.jpg'><img loading=\"lazy\" decoding=\"async\" width=\"150\" height=\"150\" src=\"https:\/\/www.staddi.de\/wp-content\/uploads\/2016\/09\/20160924_101256-150x150.jpg\" class=\"attachment-thumbnail size-thumbnail\" alt=\"\" \/><\/a>\n\t\t\t<\/dt><\/dl><dl class='gallery-item'>\n\t\t\t<dt class='gallery-icon landscape'>\n\t\t\t\t<a href='https:\/\/www.staddi.de\/wp-content\/uploads\/2016\/09\/20160924_171738.jpg'><img loading=\"lazy\" decoding=\"async\" width=\"150\" height=\"150\" src=\"https:\/\/www.staddi.de\/wp-content\/uploads\/2016\/09\/20160924_171738-150x150.jpg\" class=\"attachment-thumbnail size-thumbnail\" alt=\"\" \/><\/a>\n\t\t\t<\/dt><\/dl><dl class='gallery-item'>\n\t\t\t<dt class='gallery-icon landscape'>\n\t\t\t\t<a href='https:\/\/www.staddi.de\/wp-content\/uploads\/2016\/09\/20160924_171744.jpg'><img loading=\"lazy\" decoding=\"async\" width=\"150\" height=\"150\" src=\"https:\/\/www.staddi.de\/wp-content\/uploads\/2016\/09\/20160924_171744-150x150.jpg\" class=\"attachment-thumbnail size-thumbnail\" alt=\"\" \/><\/a>\n\t\t\t<\/dt><\/dl><br style=\"clear: both\" \/><dl class='gallery-item'>\n\t\t\t<dt class='gallery-icon landscape'>\n\t\t\t\t<a href='https:\/\/www.staddi.de\/wp-content\/uploads\/2016\/09\/20160924_171914.jpg'><img loading=\"lazy\" decoding=\"async\" width=\"150\" height=\"150\" src=\"https:\/\/www.staddi.de\/wp-content\/uploads\/2016\/09\/20160924_171914-150x150.jpg\" class=\"attachment-thumbnail size-thumbnail\" alt=\"\" \/><\/a>\n\t\t\t<\/dt><\/dl><dl class='gallery-item'>\n\t\t\t<dt class='gallery-icon landscape'>\n\t\t\t\t<a href='https:\/\/www.staddi.de\/wp-content\/uploads\/2016\/09\/20160924_172106.jpg'><img loading=\"lazy\" decoding=\"async\" width=\"150\" height=\"150\" src=\"https:\/\/www.staddi.de\/wp-content\/uploads\/2016\/09\/20160924_172106-150x150.jpg\" class=\"attachment-thumbnail size-thumbnail\" alt=\"\" \/><\/a>\n\t\t\t<\/dt><\/dl><dl class='gallery-item'>\n\t\t\t<dt class='gallery-icon landscape'>\n\t\t\t\t<a href='https:\/\/www.staddi.de\/wp-content\/uploads\/2016\/09\/20160924_172151.jpg'><img loading=\"lazy\" decoding=\"async\" width=\"150\" height=\"150\" src=\"https:\/\/www.staddi.de\/wp-content\/uploads\/2016\/09\/20160924_172151-150x150.jpg\" class=\"attachment-thumbnail size-thumbnail\" alt=\"\" \/><\/a>\n\t\t\t<\/dt><\/dl><dl class='gallery-item'>\n\t\t\t<dt class='gallery-icon landscape'>\n\t\t\t\t<a href='https:\/\/www.staddi.de\/wp-content\/uploads\/2016\/09\/20160924_172259.jpg'><img loading=\"lazy\" decoding=\"async\" width=\"150\" height=\"150\" src=\"https:\/\/www.staddi.de\/wp-content\/uploads\/2016\/09\/20160924_172259-150x150.jpg\" class=\"attachment-thumbnail size-thumbnail\" alt=\"\" \/><\/a>\n\t\t\t<\/dt><\/dl><br style=\"clear: both\" \/>\n\t\t<\/div>\n\n<p><center><iframe loading=\"lazy\" width=\"560\" height=\"315\" src=\"https:\/\/www.youtube.com\/embed\/KDBMF5la2DI\" frameborder=\"0\" allowfullscreen><\/iframe><\/p>\n<p><a href=\"http:\/\/staddi.de\/?page_id=94\">Inhalt<\/a> || <a href=\"http:\/\/staddi.de\/?page_id=125\">Tag 6<\/a><\/center><\/p>\n","protected":false},"excerpt":{"rendered":"<p>So, Wetter wurde schlechter, Regen und starker Wind. Da ich noch etwas kaputt war habe ich also einen Tag im Ort verbracht. H\u00fcbsches \u00d6rtchen, mit einer kleinen Ruine und alten Kanonen, und am Hafen taucht hin und wieder ein Seehund auf, das bereits als inoffizielles Maskottchen gehandelt wird laut meiner [&hellip;]<\/p>\n","protected":false},"author":1,"featured_media":0,"parent":94,"menu_order":5,"comment_status":"closed","ping_status":"closed","template":"template-fullwidth.php","meta":{"footnotes":""},"class_list":["post-123","page","type-page","status-publish","hentry"],"_links":{"self":[{"href":"https:\/\/www.staddi.de\/index.php?rest_route=\/wp\/v2\/pages\/123","targetHints":{"allow":["GET"]}}],"collection":[{"href":"https:\/\/www.staddi.de\/index.php?rest_route=\/wp\/v2\/pages"}],"about":[{"href":"https:\/\/www.staddi.de\/index.php?rest_route=\/wp\/v2\/types\/page"}],"author":[{"embeddable":true,"href":"https:\/\/www.staddi.de\/index.php?rest_route=\/wp\/v2\/users\/1"}],"replies":[{"embeddable":true,"href":"https:\/\/www.staddi.de\/index.php?rest_route=%2Fwp%2Fv2%2Fcomments&post=123"}],"version-history":[{"count":5,"href":"https:\/\/www.staddi.de\/index.php?rest_route=\/wp\/v2\/pages\/123\/revisions"}],"predecessor-version":[{"id":184,"href":"https:\/\/www.staddi.de\/index.php?rest_route=\/wp\/v2\/pages\/123\/revisions\/184"}],"up":[{"embeddable":true,"href":"https:\/\/www.staddi.de\/index.php?rest_route=\/wp\/v2\/pages\/94"}],"wp:attachment":[{"href":"https:\/\/www.staddi.de\/index.php?rest_route=%2Fwp%2Fv2%2Fmedia&parent=123"}],"curies":[{"name":"wp","href":"https:\/\/api.w.org\/{rel}","templated":true}]}}