{"id":125,"date":"2016-09-30T11:11:07","date_gmt":"2016-09-30T09:11:07","guid":{"rendered":"http:\/\/staddi.de\/?page_id=125"},"modified":"2016-09-30T13:47:04","modified_gmt":"2016-09-30T11:47:04","slug":"irland-tag-6-avonmore-way","status":"publish","type":"page","link":"https:\/\/www.staddi.de\/?page_id=125","title":{"rendered":"Irland Tag 6: Avonmore Way"},"content":{"rendered":"<p>Den ersten Zug des Tages (ich wei\u00df nicht, ob die Z\u00fcge hier immer so selten fahren, aber an diesem Sonntag gab es nur drei Z\u00fcge in meine Richtung: Mittags, nachmittags, abends) um 11:30 nach Rathdrum genommen, um von dort den Avonmore Way entlang des Avonmore Rivers nach Laragh zu nehmen und von dort aus weiter zum Hostel in Glendalough. Sehr sch\u00f6ner Tag, auch wenn zwei F\u00fcnfminuten-Regenschauer vom Himmel kamen. Die aber grunds\u00e4tzlich dann, wenn ich sowieso gerade im Trockenen sa\u00df zur Pause. In Laragh gibt es auch ein wunderbares Restaurant, das Heather&#8217;s. Gro\u00df, sehr voll, als ob sich alle Ortschaften der Umgebung dort treffen, und sehr leckeres Essen zum guten Preis. Knoblauch, hurra!<\/p>\n<div class='gallery'><dl class='gallery-item'>\n\t\t\t<dt class='gallery-icon landscape'>\n\t\t\t\t<a href='https:\/\/www.staddi.de\/wp-content\/uploads\/2016\/09\/20160925_121231.jpg'><img loading=\"lazy\" decoding=\"async\" width=\"150\" height=\"150\" src=\"https:\/\/www.staddi.de\/wp-content\/uploads\/2016\/09\/20160925_121231-150x150.jpg\" class=\"attachment-thumbnail size-thumbnail\" alt=\"\" \/><\/a>\n\t\t\t<\/dt><\/dl><dl class='gallery-item'>\n\t\t\t<dt class='gallery-icon landscape'>\n\t\t\t\t<a href='https:\/\/www.staddi.de\/wp-content\/uploads\/2016\/09\/20160925_123418.jpg'><img loading=\"lazy\" decoding=\"async\" width=\"150\" height=\"150\" src=\"https:\/\/www.staddi.de\/wp-content\/uploads\/2016\/09\/20160925_123418-150x150.jpg\" class=\"attachment-thumbnail size-thumbnail\" alt=\"\" \/><\/a>\n\t\t\t<\/dt><\/dl><dl class='gallery-item'>\n\t\t\t<dt class='gallery-icon landscape'>\n\t\t\t\t<a href='https:\/\/www.staddi.de\/wp-content\/uploads\/2016\/09\/20160925_124642.jpg'><img loading=\"lazy\" decoding=\"async\" width=\"150\" height=\"150\" src=\"https:\/\/www.staddi.de\/wp-content\/uploads\/2016\/09\/20160925_124642-150x150.jpg\" class=\"attachment-thumbnail size-thumbnail\" alt=\"\" \/><\/a>\n\t\t\t<\/dt><\/dl><dl class='gallery-item'>\n\t\t\t<dt class='gallery-icon landscape'>\n\t\t\t\t<a href='https:\/\/www.staddi.de\/wp-content\/uploads\/2016\/09\/20160925_125009.jpg'><img loading=\"lazy\" decoding=\"async\" width=\"150\" height=\"150\" src=\"https:\/\/www.staddi.de\/wp-content\/uploads\/2016\/09\/20160925_125009-150x150.jpg\" class=\"attachment-thumbnail size-thumbnail\" alt=\"\" \/><\/a>\n\t\t\t<\/dt><\/dl><dl class='gallery-item'>\n\t\t\t<dt class='gallery-icon landscape'>\n\t\t\t\t<a href='https:\/\/www.staddi.de\/wp-content\/uploads\/2016\/09\/20160925_125309.jpg'><img loading=\"lazy\" decoding=\"async\" width=\"150\" height=\"150\" src=\"https:\/\/www.staddi.de\/wp-content\/uploads\/2016\/09\/20160925_125309-150x150.jpg\" class=\"attachment-thumbnail size-thumbnail\" alt=\"\" \/><\/a>\n\t\t\t<\/dt><\/dl><br style=\"clear: both\" \/><dl class='gallery-item'>\n\t\t\t<dt class='gallery-icon landscape'>\n\t\t\t\t<a href='https:\/\/www.staddi.de\/wp-content\/uploads\/2016\/09\/20160925_125318.jpg'><img loading=\"lazy\" decoding=\"async\" width=\"150\" height=\"150\" src=\"https:\/\/www.staddi.de\/wp-content\/uploads\/2016\/09\/20160925_125318-150x150.jpg\" class=\"attachment-thumbnail size-thumbnail\" alt=\"\" \/><\/a>\n\t\t\t<\/dt><\/dl><dl class='gallery-item'>\n\t\t\t<dt class='gallery-icon landscape'>\n\t\t\t\t<a href='https:\/\/www.staddi.de\/wp-content\/uploads\/2016\/09\/20160925_130255.jpg'><img loading=\"lazy\" decoding=\"async\" width=\"150\" height=\"150\" src=\"https:\/\/www.staddi.de\/wp-content\/uploads\/2016\/09\/20160925_130255-150x150.jpg\" class=\"attachment-thumbnail size-thumbnail\" alt=\"\" \/><\/a>\n\t\t\t<\/dt><\/dl><dl class='gallery-item'>\n\t\t\t<dt class='gallery-icon landscape'>\n\t\t\t\t<a href='https:\/\/www.staddi.de\/wp-content\/uploads\/2016\/09\/20160925_132654.jpg'><img loading=\"lazy\" decoding=\"async\" width=\"150\" height=\"150\" src=\"https:\/\/www.staddi.de\/wp-content\/uploads\/2016\/09\/20160925_132654-150x150.jpg\" class=\"attachment-thumbnail size-thumbnail\" alt=\"\" \/><\/a>\n\t\t\t<\/dt><\/dl><dl class='gallery-item'>\n\t\t\t<dt class='gallery-icon landscape'>\n\t\t\t\t<a href='https:\/\/www.staddi.de\/wp-content\/uploads\/2016\/09\/20160925_132710.jpg'><img loading=\"lazy\" decoding=\"async\" width=\"150\" height=\"150\" src=\"https:\/\/www.staddi.de\/wp-content\/uploads\/2016\/09\/20160925_132710-150x150.jpg\" class=\"attachment-thumbnail size-thumbnail\" alt=\"\" \/><\/a>\n\t\t\t<\/dt><\/dl><dl class='gallery-item'>\n\t\t\t<dt class='gallery-icon landscape'>\n\t\t\t\t<a href='https:\/\/www.staddi.de\/wp-content\/uploads\/2016\/09\/20160925_135932.jpg'><img loading=\"lazy\" decoding=\"async\" width=\"150\" height=\"150\" src=\"https:\/\/www.staddi.de\/wp-content\/uploads\/2016\/09\/20160925_135932-150x150.jpg\" class=\"attachment-thumbnail size-thumbnail\" alt=\"\" \/><\/a>\n\t\t\t<\/dt><\/dl><br style=\"clear: both\" \/><dl class='gallery-item'>\n\t\t\t<dt class='gallery-icon landscape'>\n\t\t\t\t<a href='https:\/\/www.staddi.de\/wp-content\/uploads\/2016\/09\/20160925_135943.jpg'><img loading=\"lazy\" decoding=\"async\" width=\"150\" height=\"150\" src=\"https:\/\/www.staddi.de\/wp-content\/uploads\/2016\/09\/20160925_135943-150x150.jpg\" class=\"attachment-thumbnail size-thumbnail\" alt=\"\" \/><\/a>\n\t\t\t<\/dt><\/dl><dl class='gallery-item'>\n\t\t\t<dt class='gallery-icon landscape'>\n\t\t\t\t<a href='https:\/\/www.staddi.de\/wp-content\/uploads\/2016\/09\/20160925_142225.jpg'><img loading=\"lazy\" decoding=\"async\" width=\"150\" height=\"150\" src=\"https:\/\/www.staddi.de\/wp-content\/uploads\/2016\/09\/20160925_142225-150x150.jpg\" class=\"attachment-thumbnail size-thumbnail\" alt=\"\" \/><\/a>\n\t\t\t<\/dt><\/dl><dl class='gallery-item'>\n\t\t\t<dt class='gallery-icon landscape'>\n\t\t\t\t<a href='https:\/\/www.staddi.de\/wp-content\/uploads\/2016\/09\/20160925_142518.jpg'><img loading=\"lazy\" decoding=\"async\" width=\"150\" height=\"150\" src=\"https:\/\/www.staddi.de\/wp-content\/uploads\/2016\/09\/20160925_142518-150x150.jpg\" class=\"attachment-thumbnail size-thumbnail\" alt=\"\" \/><\/a>\n\t\t\t<\/dt><\/dl><dl class='gallery-item'>\n\t\t\t<dt class='gallery-icon landscape'>\n\t\t\t\t<a href='https:\/\/www.staddi.de\/wp-content\/uploads\/2016\/09\/20160925_144032.jpg'><img loading=\"lazy\" decoding=\"async\" width=\"150\" height=\"150\" src=\"https:\/\/www.staddi.de\/wp-content\/uploads\/2016\/09\/20160925_144032-150x150.jpg\" class=\"attachment-thumbnail size-thumbnail\" alt=\"\" \/><\/a>\n\t\t\t<\/dt><\/dl><dl class='gallery-item'>\n\t\t\t<dt class='gallery-icon landscape'>\n\t\t\t\t<a href='https:\/\/www.staddi.de\/wp-content\/uploads\/2016\/09\/20160925_145003.jpg'><img loading=\"lazy\" decoding=\"async\" width=\"150\" height=\"150\" src=\"https:\/\/www.staddi.de\/wp-content\/uploads\/2016\/09\/20160925_145003-150x150.jpg\" class=\"attachment-thumbnail size-thumbnail\" alt=\"\" \/><\/a>\n\t\t\t<\/dt><\/dl><br style=\"clear: both\" \/><dl class='gallery-item'>\n\t\t\t<dt class='gallery-icon landscape'>\n\t\t\t\t<a href='https:\/\/www.staddi.de\/wp-content\/uploads\/2016\/09\/20160925_145013.jpg'><img loading=\"lazy\" decoding=\"async\" width=\"150\" height=\"150\" src=\"https:\/\/www.staddi.de\/wp-content\/uploads\/2016\/09\/20160925_145013-150x150.jpg\" class=\"attachment-thumbnail size-thumbnail\" alt=\"\" \/><\/a>\n\t\t\t<\/dt><\/dl><dl class='gallery-item'>\n\t\t\t<dt class='gallery-icon landscape'>\n\t\t\t\t<a href='https:\/\/www.staddi.de\/wp-content\/uploads\/2016\/09\/20160925_152236.jpg'><img loading=\"lazy\" decoding=\"async\" width=\"150\" height=\"150\" src=\"https:\/\/www.staddi.de\/wp-content\/uploads\/2016\/09\/20160925_152236-150x150.jpg\" class=\"attachment-thumbnail size-thumbnail\" alt=\"\" \/><\/a>\n\t\t\t<\/dt><\/dl><dl class='gallery-item'>\n\t\t\t<dt class='gallery-icon landscape'>\n\t\t\t\t<a href='https:\/\/www.staddi.de\/wp-content\/uploads\/2016\/09\/20160925_152240.jpg'><img loading=\"lazy\" decoding=\"async\" width=\"150\" height=\"150\" src=\"https:\/\/www.staddi.de\/wp-content\/uploads\/2016\/09\/20160925_152240-150x150.jpg\" class=\"attachment-thumbnail size-thumbnail\" alt=\"\" \/><\/a>\n\t\t\t<\/dt><\/dl><dl class='gallery-item'>\n\t\t\t<dt class='gallery-icon landscape'>\n\t\t\t\t<a href='https:\/\/www.staddi.de\/wp-content\/uploads\/2016\/09\/20160925_152457.jpg'><img loading=\"lazy\" decoding=\"async\" width=\"150\" height=\"150\" src=\"https:\/\/www.staddi.de\/wp-content\/uploads\/2016\/09\/20160925_152457-150x150.jpg\" class=\"attachment-thumbnail size-thumbnail\" alt=\"\" \/><\/a>\n\t\t\t<\/dt><\/dl><dl class='gallery-item'>\n\t\t\t<dt class='gallery-icon landscape'>\n\t\t\t\t<a href='https:\/\/www.staddi.de\/wp-content\/uploads\/2016\/09\/20160925_152625.jpg'><img loading=\"lazy\" decoding=\"async\" width=\"150\" height=\"150\" src=\"https:\/\/www.staddi.de\/wp-content\/uploads\/2016\/09\/20160925_152625-150x150.jpg\" class=\"attachment-thumbnail size-thumbnail\" alt=\"\" \/><\/a>\n\t\t\t<\/dt><\/dl><br style=\"clear: both\" \/><dl class='gallery-item'>\n\t\t\t<dt class='gallery-icon landscape'>\n\t\t\t\t<a href='https:\/\/www.staddi.de\/wp-content\/uploads\/2016\/09\/20160925_152634.jpg'><img loading=\"lazy\" decoding=\"async\" width=\"150\" height=\"150\" src=\"https:\/\/www.staddi.de\/wp-content\/uploads\/2016\/09\/20160925_152634-150x150.jpg\" class=\"attachment-thumbnail size-thumbnail\" alt=\"\" \/><\/a>\n\t\t\t<\/dt><\/dl><dl class='gallery-item'>\n\t\t\t<dt class='gallery-icon landscape'>\n\t\t\t\t<a href='https:\/\/www.staddi.de\/wp-content\/uploads\/2016\/09\/20160925_153248.jpg'><img loading=\"lazy\" decoding=\"async\" width=\"150\" height=\"150\" src=\"https:\/\/www.staddi.de\/wp-content\/uploads\/2016\/09\/20160925_153248-150x150.jpg\" class=\"attachment-thumbnail size-thumbnail\" alt=\"\" \/><\/a>\n\t\t\t<\/dt><\/dl><dl class='gallery-item'>\n\t\t\t<dt class='gallery-icon landscape'>\n\t\t\t\t<a href='https:\/\/www.staddi.de\/wp-content\/uploads\/2016\/09\/20160925_153644.jpg'><img loading=\"lazy\" decoding=\"async\" width=\"150\" height=\"150\" src=\"https:\/\/www.staddi.de\/wp-content\/uploads\/2016\/09\/20160925_153644-150x150.jpg\" class=\"attachment-thumbnail size-thumbnail\" alt=\"\" \/><\/a>\n\t\t\t<\/dt><\/dl><dl class='gallery-item'>\n\t\t\t<dt class='gallery-icon landscape'>\n\t\t\t\t<a href='https:\/\/www.staddi.de\/wp-content\/uploads\/2016\/09\/20160925_153704.jpg'><img loading=\"lazy\" decoding=\"async\" width=\"150\" height=\"150\" src=\"https:\/\/www.staddi.de\/wp-content\/uploads\/2016\/09\/20160925_153704-150x150.jpg\" class=\"attachment-thumbnail size-thumbnail\" alt=\"\" \/><\/a>\n\t\t\t<\/dt><\/dl><dl class='gallery-item'>\n\t\t\t<dt class='gallery-icon landscape'>\n\t\t\t\t<a href='https:\/\/www.staddi.de\/wp-content\/uploads\/2016\/09\/20160925_170521.jpg'><img loading=\"lazy\" decoding=\"async\" width=\"150\" height=\"150\" src=\"https:\/\/www.staddi.de\/wp-content\/uploads\/2016\/09\/20160925_170521-150x150.jpg\" class=\"attachment-thumbnail size-thumbnail\" alt=\"\" \/><\/a>\n\t\t\t<\/dt><\/dl><br style=\"clear: both\" \/>\n\t\t<\/div>\n\n<p><center><a href=\"http:\/\/staddi.de\/?page_id=94\">Inhalt<\/a> || <a href=\"http:\/\/staddi.de\/?page_id=127\">Tag 7<\/a><\/center><\/p>\n","protected":false},"excerpt":{"rendered":"<p>Den ersten Zug des Tages (ich wei\u00df nicht, ob die Z\u00fcge hier immer so selten fahren, aber an diesem Sonntag gab es nur drei Z\u00fcge in meine Richtung: Mittags, nachmittags, abends) um 11:30 nach Rathdrum genommen, um von dort den Avonmore Way entlang des Avonmore Rivers nach Laragh zu nehmen [&hellip;]<\/p>\n","protected":false},"author":1,"featured_media":0,"parent":94,"menu_order":6,"comment_status":"closed","ping_status":"closed","template":"template-fullwidth.php","meta":{"footnotes":""},"class_list":["post-125","page","type-page","status-publish","hentry"],"_links":{"self":[{"href":"https:\/\/www.staddi.de\/index.php?rest_route=\/wp\/v2\/pages\/125","targetHints":{"allow":["GET"]}}],"collection":[{"href":"https:\/\/www.staddi.de\/index.php?rest_route=\/wp\/v2\/pages"}],"about":[{"href":"https:\/\/www.staddi.de\/index.php?rest_route=\/wp\/v2\/types\/page"}],"author":[{"embeddable":true,"href":"https:\/\/www.staddi.de\/index.php?rest_route=\/wp\/v2\/users\/1"}],"replies":[{"embeddable":true,"href":"https:\/\/www.staddi.de\/index.php?rest_route=%2Fwp%2Fv2%2Fcomments&post=125"}],"version-history":[{"count":3,"href":"https:\/\/www.staddi.de\/index.php?rest_route=\/wp\/v2\/pages\/125\/revisions"}],"predecessor-version":[{"id":211,"href":"https:\/\/www.staddi.de\/index.php?rest_route=\/wp\/v2\/pages\/125\/revisions\/211"}],"up":[{"embeddable":true,"href":"https:\/\/www.staddi.de\/index.php?rest_route=\/wp\/v2\/pages\/94"}],"wp:attachment":[{"href":"https:\/\/www.staddi.de\/index.php?rest_route=%2Fwp%2Fv2%2Fmedia&parent=125"}],"curies":[{"name":"wp","href":"https:\/\/api.w.org\/{rel}","templated":true}]}}