{"id":127,"date":"2016-09-30T11:11:34","date_gmt":"2016-09-30T09:11:34","guid":{"rendered":"http:\/\/staddi.de\/?page_id=127"},"modified":"2016-09-30T14:17:29","modified_gmt":"2016-09-30T12:17:29","slug":"irland-tag-7-wicklow-way-nach-roundwood","status":"publish","type":"page","link":"https:\/\/www.staddi.de\/?page_id=127","title":{"rendered":"Irland Tag 7: Wicklow Way nach Roundwood"},"content":{"rendered":"<p>Ab in die Wicklow Mountains, mit viel Auf und Ab (was mit einem schweren Rucksack manchmal zu einem St\u00f6hnen f\u00fchrt &#8222;Achgott, und wieder steil nach oben, nachdem man langsam nach unten gelaufen ist, andersrum w\u00e4re es ja auch zu einfach!&#8220;). Ich glaube ich kann hier durchaus empfehlen: Lauft den Weg lieber von Dublin aus, wenn Ihr einen schweren Rucksack tragt oder einen starken Aufstieg nicht m\u00f6gt. Sch\u00f6n ist der Weg dennoch, besonders wenn man aus dem Wald um die Ecke kommt und ins Tal schauen kann. Auf dem Weg nach Roundwood habe ich zudem aus der Entfernung sehen (und h\u00f6ren) k\u00f6nnen, wie gerade f\u00fcr die Serie &#8222;Vikings&#8220; gedreht wurde. Die drehen dieselbe Szene 11 Stunden am Tag wieder und wieder f\u00fcr ein 5 Minuten-Ergebnis im Fernsehen. Insgesamt wird an zwei Stellen in der N\u00e4he des Wicklow Ways gedreht f\u00fcr die Serie. Ich denke in diesem Fall wurde der Beginn einer Schlacht gedreht, man h\u00f6rt ein Trommeln, gefolgt von Geschrei und die Darsteller laufen \u00fcber das Feld. (Das Geschrei und Getrommel ist leider nicht zu h\u00f6ren im Video.)<\/p>\n<div class='gallery'><dl class='gallery-item'>\n\t\t\t<dt class='gallery-icon landscape'>\n\t\t\t\t<a href='https:\/\/www.staddi.de\/wp-content\/uploads\/2016\/09\/20160926_105917.jpg'><img loading=\"lazy\" decoding=\"async\" width=\"150\" height=\"150\" src=\"https:\/\/www.staddi.de\/wp-content\/uploads\/2016\/09\/20160926_105917-150x150.jpg\" class=\"attachment-thumbnail size-thumbnail\" alt=\"\" \/><\/a>\n\t\t\t<\/dt><\/dl><dl class='gallery-item'>\n\t\t\t<dt class='gallery-icon landscape'>\n\t\t\t\t<a href='https:\/\/www.staddi.de\/wp-content\/uploads\/2016\/09\/20160926_111125.jpg'><img loading=\"lazy\" decoding=\"async\" width=\"150\" height=\"150\" src=\"https:\/\/www.staddi.de\/wp-content\/uploads\/2016\/09\/20160926_111125-150x150.jpg\" class=\"attachment-thumbnail size-thumbnail\" alt=\"\" \/><\/a>\n\t\t\t<\/dt><\/dl><dl class='gallery-item'>\n\t\t\t<dt class='gallery-icon landscape'>\n\t\t\t\t<a href='https:\/\/www.staddi.de\/wp-content\/uploads\/2016\/09\/20160926_111131.jpg'><img loading=\"lazy\" decoding=\"async\" width=\"150\" height=\"150\" src=\"https:\/\/www.staddi.de\/wp-content\/uploads\/2016\/09\/20160926_111131-150x150.jpg\" class=\"attachment-thumbnail size-thumbnail\" alt=\"\" \/><\/a>\n\t\t\t<\/dt><\/dl><dl class='gallery-item'>\n\t\t\t<dt class='gallery-icon landscape'>\n\t\t\t\t<a href='https:\/\/www.staddi.de\/wp-content\/uploads\/2016\/09\/20160926_111136.jpg'><img loading=\"lazy\" decoding=\"async\" width=\"150\" height=\"150\" src=\"https:\/\/www.staddi.de\/wp-content\/uploads\/2016\/09\/20160926_111136-150x150.jpg\" class=\"attachment-thumbnail size-thumbnail\" alt=\"\" \/><\/a>\n\t\t\t<\/dt><\/dl><dl class='gallery-item'>\n\t\t\t<dt class='gallery-icon landscape'>\n\t\t\t\t<a href='https:\/\/www.staddi.de\/wp-content\/uploads\/2016\/09\/20160926_112726.jpg'><img loading=\"lazy\" decoding=\"async\" width=\"150\" height=\"150\" src=\"https:\/\/www.staddi.de\/wp-content\/uploads\/2016\/09\/20160926_112726-150x150.jpg\" class=\"attachment-thumbnail size-thumbnail\" alt=\"\" \/><\/a>\n\t\t\t<\/dt><\/dl><br style=\"clear: both\" \/><dl class='gallery-item'>\n\t\t\t<dt class='gallery-icon landscape'>\n\t\t\t\t<a href='https:\/\/www.staddi.de\/wp-content\/uploads\/2016\/09\/20160926_120649.jpg'><img loading=\"lazy\" decoding=\"async\" width=\"150\" height=\"150\" src=\"https:\/\/www.staddi.de\/wp-content\/uploads\/2016\/09\/20160926_120649-150x150.jpg\" class=\"attachment-thumbnail size-thumbnail\" alt=\"\" \/><\/a>\n\t\t\t<\/dt><\/dl><dl class='gallery-item'>\n\t\t\t<dt class='gallery-icon landscape'>\n\t\t\t\t<a href='https:\/\/www.staddi.de\/wp-content\/uploads\/2016\/09\/20160926_121311.jpg'><img loading=\"lazy\" decoding=\"async\" width=\"150\" height=\"150\" src=\"https:\/\/www.staddi.de\/wp-content\/uploads\/2016\/09\/20160926_121311-150x150.jpg\" class=\"attachment-thumbnail size-thumbnail\" alt=\"\" \/><\/a>\n\t\t\t<\/dt><\/dl><dl class='gallery-item'>\n\t\t\t<dt class='gallery-icon landscape'>\n\t\t\t\t<a href='https:\/\/www.staddi.de\/wp-content\/uploads\/2016\/09\/20160926_121512.jpg'><img loading=\"lazy\" decoding=\"async\" width=\"150\" height=\"150\" src=\"https:\/\/www.staddi.de\/wp-content\/uploads\/2016\/09\/20160926_121512-150x150.jpg\" class=\"attachment-thumbnail size-thumbnail\" alt=\"\" \/><\/a>\n\t\t\t<\/dt><\/dl><dl class='gallery-item'>\n\t\t\t<dt class='gallery-icon landscape'>\n\t\t\t\t<a href='https:\/\/www.staddi.de\/wp-content\/uploads\/2016\/09\/20160926_125438.jpg'><img loading=\"lazy\" decoding=\"async\" width=\"150\" height=\"150\" src=\"https:\/\/www.staddi.de\/wp-content\/uploads\/2016\/09\/20160926_125438-150x150.jpg\" class=\"attachment-thumbnail size-thumbnail\" alt=\"\" \/><\/a>\n\t\t\t<\/dt><\/dl><dl class='gallery-item'>\n\t\t\t<dt class='gallery-icon landscape'>\n\t\t\t\t<a href='https:\/\/www.staddi.de\/wp-content\/uploads\/2016\/09\/20160926_125455.jpg'><img loading=\"lazy\" decoding=\"async\" width=\"150\" height=\"150\" src=\"https:\/\/www.staddi.de\/wp-content\/uploads\/2016\/09\/20160926_125455-150x150.jpg\" class=\"attachment-thumbnail size-thumbnail\" alt=\"\" \/><\/a>\n\t\t\t<\/dt><\/dl><br style=\"clear: both\" \/><dl class='gallery-item'>\n\t\t\t<dt class='gallery-icon landscape'>\n\t\t\t\t<a href='https:\/\/www.staddi.de\/wp-content\/uploads\/2016\/09\/20160926_131529.jpg'><img loading=\"lazy\" decoding=\"async\" width=\"150\" height=\"150\" src=\"https:\/\/www.staddi.de\/wp-content\/uploads\/2016\/09\/20160926_131529-150x150.jpg\" class=\"attachment-thumbnail size-thumbnail\" alt=\"\" \/><\/a>\n\t\t\t<\/dt><\/dl><dl class='gallery-item'>\n\t\t\t<dt class='gallery-icon landscape'>\n\t\t\t\t<a href='https:\/\/www.staddi.de\/wp-content\/uploads\/2016\/09\/20160926_134803.jpg'><img loading=\"lazy\" decoding=\"async\" width=\"150\" height=\"150\" src=\"https:\/\/www.staddi.de\/wp-content\/uploads\/2016\/09\/20160926_134803-150x150.jpg\" class=\"attachment-thumbnail size-thumbnail\" alt=\"\" \/><\/a>\n\t\t\t<\/dt><\/dl><dl class='gallery-item'>\n\t\t\t<dt class='gallery-icon landscape'>\n\t\t\t\t<a href='https:\/\/www.staddi.de\/wp-content\/uploads\/2016\/09\/20160926_134813.jpg'><img loading=\"lazy\" decoding=\"async\" width=\"150\" height=\"150\" src=\"https:\/\/www.staddi.de\/wp-content\/uploads\/2016\/09\/20160926_134813-150x150.jpg\" class=\"attachment-thumbnail size-thumbnail\" alt=\"\" \/><\/a>\n\t\t\t<\/dt><\/dl><dl class='gallery-item'>\n\t\t\t<dt class='gallery-icon landscape'>\n\t\t\t\t<a href='https:\/\/www.staddi.de\/wp-content\/uploads\/2016\/09\/20160926_140618.jpg'><img loading=\"lazy\" decoding=\"async\" width=\"150\" height=\"150\" src=\"https:\/\/www.staddi.de\/wp-content\/uploads\/2016\/09\/20160926_140618-150x150.jpg\" class=\"attachment-thumbnail size-thumbnail\" alt=\"\" \/><\/a>\n\t\t\t<\/dt><\/dl><dl class='gallery-item'>\n\t\t\t<dt class='gallery-icon landscape'>\n\t\t\t\t<a href='https:\/\/www.staddi.de\/wp-content\/uploads\/2016\/09\/20160926_143400.jpg'><img loading=\"lazy\" decoding=\"async\" width=\"150\" height=\"150\" src=\"https:\/\/www.staddi.de\/wp-content\/uploads\/2016\/09\/20160926_143400-150x150.jpg\" class=\"attachment-thumbnail size-thumbnail\" alt=\"\" \/><\/a>\n\t\t\t<\/dt><\/dl><br style=\"clear: both\" \/><dl class='gallery-item'>\n\t\t\t<dt class='gallery-icon landscape'>\n\t\t\t\t<a href='https:\/\/www.staddi.de\/wp-content\/uploads\/2016\/09\/20160926_143405.jpg'><img loading=\"lazy\" decoding=\"async\" width=\"150\" height=\"150\" src=\"https:\/\/www.staddi.de\/wp-content\/uploads\/2016\/09\/20160926_143405-150x150.jpg\" class=\"attachment-thumbnail size-thumbnail\" alt=\"\" \/><\/a>\n\t\t\t<\/dt><\/dl><dl class='gallery-item'>\n\t\t\t<dt class='gallery-icon landscape'>\n\t\t\t\t<a href='https:\/\/www.staddi.de\/wp-content\/uploads\/2016\/09\/20160926_144344.jpg'><img loading=\"lazy\" decoding=\"async\" width=\"150\" height=\"150\" src=\"https:\/\/www.staddi.de\/wp-content\/uploads\/2016\/09\/20160926_144344-150x150.jpg\" class=\"attachment-thumbnail size-thumbnail\" alt=\"\" \/><\/a>\n\t\t\t<\/dt><\/dl><dl class='gallery-item'>\n\t\t\t<dt class='gallery-icon landscape'>\n\t\t\t\t<a href='https:\/\/www.staddi.de\/wp-content\/uploads\/2016\/09\/20160926_150951.jpg'><img loading=\"lazy\" decoding=\"async\" width=\"150\" height=\"150\" src=\"https:\/\/www.staddi.de\/wp-content\/uploads\/2016\/09\/20160926_150951-150x150.jpg\" class=\"attachment-thumbnail size-thumbnail\" alt=\"\" \/><\/a>\n\t\t\t<\/dt><\/dl><dl class='gallery-item'>\n\t\t\t<dt class='gallery-icon landscape'>\n\t\t\t\t<a href='https:\/\/www.staddi.de\/wp-content\/uploads\/2016\/09\/20160926_161957.jpg'><img loading=\"lazy\" decoding=\"async\" width=\"150\" height=\"150\" src=\"https:\/\/www.staddi.de\/wp-content\/uploads\/2016\/09\/20160926_161957-150x150.jpg\" class=\"attachment-thumbnail size-thumbnail\" alt=\"\" \/><\/a>\n\t\t\t<\/dt><\/dl><dl class='gallery-item'>\n\t\t\t<dt class='gallery-icon landscape'>\n\t\t\t\t<a href='https:\/\/www.staddi.de\/wp-content\/uploads\/2016\/09\/20160926_162001.jpg'><img loading=\"lazy\" decoding=\"async\" width=\"150\" height=\"150\" src=\"https:\/\/www.staddi.de\/wp-content\/uploads\/2016\/09\/20160926_162001-150x150.jpg\" class=\"attachment-thumbnail size-thumbnail\" alt=\"\" \/><\/a>\n\t\t\t<\/dt><\/dl><br style=\"clear: both\" \/>\n\t\t<\/div>\n\n<div class=\"wp-playlist wp-video-playlist wp-playlist-light\">\n\t\t<video controls=\"controls\" preload=\"none\" width=\"618\"\n\t\t height=\"348\"\t><\/video>\n\t<div class=\"wp-playlist-next\"><\/div>\n\t<div class=\"wp-playlist-prev\"><\/div>\n\t<noscript>\n\t<ol>\n\t\t<li><a href='https:\/\/www.staddi.de\/wp-content\/uploads\/2016\/09\/20160926_121114.mp4'>20160926_121114<\/a><\/li>\t<\/ol>\n\t<\/noscript>\n\t<script type=\"application\/json\" class=\"wp-playlist-script\">{\"type\":\"video\",\"tracklist\":true,\"tracknumbers\":true,\"images\":true,\"artists\":true,\"tracks\":[{\"src\":\"https:\/\/www.staddi.de\/wp-content\/uploads\/2016\/09\/20160926_121114.mp4\",\"type\":\"video\/mp4\",\"title\":\"20160926_121114\",\"caption\":\"\",\"description\":\"\",\"meta\":{\"length_formatted\":\"0:17\"},\"dimensions\":{\"original\":{\"width\":1280,\"height\":720},\"resized\":{\"width\":618,\"height\":348}},\"image\":{\"src\":\"https:\/\/www.staddi.de\/wp-includes\/images\/media\/video.svg\",\"width\":48,\"height\":64},\"thumb\":{\"src\":\"https:\/\/www.staddi.de\/wp-includes\/images\/media\/video.svg\",\"width\":48,\"height\":64}}]}<\/script>\n<\/div>\n\t\n<p><center><a href=\"http:\/\/staddi.de\/?page_id=94\">Inhalt<\/a> || <a href=\"http:\/\/staddi.de\/?page_id=129\">Tag 8<\/a><\/center><\/p>\n","protected":false},"excerpt":{"rendered":"<p>Ab in die Wicklow Mountains, mit viel Auf und Ab (was mit einem schweren Rucksack manchmal zu einem St\u00f6hnen f\u00fchrt &#8222;Achgott, und wieder steil nach oben, nachdem man langsam nach unten gelaufen ist, andersrum w\u00e4re es ja auch zu einfach!&#8220;). Ich glaube ich kann hier durchaus empfehlen: Lauft den Weg [&hellip;]<\/p>\n","protected":false},"author":1,"featured_media":0,"parent":94,"menu_order":7,"comment_status":"closed","ping_status":"closed","template":"template-fullwidth.php","meta":{"footnotes":""},"class_list":["post-127","page","type-page","status-publish","hentry"],"_links":{"self":[{"href":"https:\/\/www.staddi.de\/index.php?rest_route=\/wp\/v2\/pages\/127","targetHints":{"allow":["GET"]}}],"collection":[{"href":"https:\/\/www.staddi.de\/index.php?rest_route=\/wp\/v2\/pages"}],"about":[{"href":"https:\/\/www.staddi.de\/index.php?rest_route=\/wp\/v2\/types\/page"}],"author":[{"embeddable":true,"href":"https:\/\/www.staddi.de\/index.php?rest_route=\/wp\/v2\/users\/1"}],"replies":[{"embeddable":true,"href":"https:\/\/www.staddi.de\/index.php?rest_route=%2Fwp%2Fv2%2Fcomments&post=127"}],"version-history":[{"count":8,"href":"https:\/\/www.staddi.de\/index.php?rest_route=\/wp\/v2\/pages\/127\/revisions"}],"predecessor-version":[{"id":241,"href":"https:\/\/www.staddi.de\/index.php?rest_route=\/wp\/v2\/pages\/127\/revisions\/241"}],"up":[{"embeddable":true,"href":"https:\/\/www.staddi.de\/index.php?rest_route=\/wp\/v2\/pages\/94"}],"wp:attachment":[{"href":"https:\/\/www.staddi.de\/index.php?rest_route=%2Fwp%2Fv2%2Fmedia&parent=127"}],"curies":[{"name":"wp","href":"https:\/\/api.w.org\/{rel}","templated":true}]}}