{"id":131,"date":"2016-09-30T11:12:07","date_gmt":"2016-09-30T09:12:07","guid":{"rendered":"http:\/\/staddi.de\/?page_id=131"},"modified":"2016-09-30T14:49:00","modified_gmt":"2016-09-30T12:49:00","slug":"irland-tag-9-wicklow-way-nach-dublin","status":"publish","type":"page","link":"https:\/\/www.staddi.de\/?page_id=131","title":{"rendered":"Irland Tag 9: Wicklow Way nach Dublin"},"content":{"rendered":"<p>Der letzte Tag begann mit leichten Kopfschmerzen, aber daf\u00fcr hat man ja Ibuprofen mit. Zwei eingeworfen, geduscht, Kaffee getrunken und etwas gegessen und fr\u00fch los um 9:30, immerhin sollten es heute wieder 21km werden zum Abschlu\u00df. Angeblich ein Weg von 7 Stunden brauchte ich am Ende nur 6 Stunden bis zum Marley Park. Es sah manchmal schon nach Regen aus mit den tiefen dunklen Wolken, die auf derselben H\u00f6he hingen, aber es sollte nicht regnen und als ich in Dublin ankam (\u00fcbrigens vom Berg aus ein toller Anblick, diese Stadt) verschwanden die Wolken alle sehr schnell und ich hab mich im Park nochmal sch\u00f6n im T-Shirt ausgeruht, bevor es in dasselbe Hostel wie am Anfang der Reise gehen sollte. Dort gab es dann nochmal ein gutes Essen und noch einen Iren getroffen, der zwar in Dublin wohnt, aber sich immer im Hostel einquartiert, wenn er Party machen geht &#8211; da es sonst einfach zu lange dauern w\u00fcrde, und so lernt er gleich neue Leute kennen. Am n\u00e4chsten Morgen um 5 Uhr den Bus zum Flughafen genommen und um 11:30 (Ortszeiten nat\u00fcrlich, die Iren sind ja eine Stunde zur\u00fcck) war ich auch bereits wieder zuhause und konnte endlich wieder im eigenen Bett schlafen, denn die Nacht zuvor wurde kaum geschlafen&#8230;<br \/>\nToll \u00fcbrigens auch, wie ich Hamburg direkt wieder anfing zu frieren. Man sollte nicht \u00fcber das irische Wetter meckern, es ist besser als der Ruf. Irland wird definitiv noch einmal besucht, dann aber etwas fr\u00fcher, damit der Westen der Insel (Cliffs of Moher) auch erkundet werden kann, im September lohnt sich eher nur der Osten wettertechnisch.<\/p>\n<div class='gallery'><dl class='gallery-item'>\n\t\t\t<dt class='gallery-icon landscape'>\n\t\t\t\t<a href='https:\/\/www.staddi.de\/wp-content\/uploads\/2016\/09\/20160928_092800.jpg'><img loading=\"lazy\" decoding=\"async\" width=\"150\" height=\"150\" src=\"https:\/\/www.staddi.de\/wp-content\/uploads\/2016\/09\/20160928_092800-150x150.jpg\" class=\"attachment-thumbnail size-thumbnail\" alt=\"\" \/><\/a>\n\t\t\t<\/dt><\/dl><dl class='gallery-item'>\n\t\t\t<dt class='gallery-icon landscape'>\n\t\t\t\t<a href='https:\/\/www.staddi.de\/wp-content\/uploads\/2016\/09\/20160928_111022.jpg'><img loading=\"lazy\" decoding=\"async\" width=\"150\" height=\"150\" src=\"https:\/\/www.staddi.de\/wp-content\/uploads\/2016\/09\/20160928_111022-150x150.jpg\" class=\"attachment-thumbnail size-thumbnail\" alt=\"\" \/><\/a>\n\t\t\t<\/dt><\/dl><dl class='gallery-item'>\n\t\t\t<dt class='gallery-icon landscape'>\n\t\t\t\t<a href='https:\/\/www.staddi.de\/wp-content\/uploads\/2016\/09\/20160928_114730.jpg'><img loading=\"lazy\" decoding=\"async\" width=\"150\" height=\"150\" src=\"https:\/\/www.staddi.de\/wp-content\/uploads\/2016\/09\/20160928_114730-150x150.jpg\" class=\"attachment-thumbnail size-thumbnail\" alt=\"\" \/><\/a>\n\t\t\t<\/dt><\/dl><dl class='gallery-item'>\n\t\t\t<dt class='gallery-icon landscape'>\n\t\t\t\t<a href='https:\/\/www.staddi.de\/wp-content\/uploads\/2016\/09\/20160928_121517.jpg'><img loading=\"lazy\" decoding=\"async\" width=\"150\" height=\"150\" src=\"https:\/\/www.staddi.de\/wp-content\/uploads\/2016\/09\/20160928_121517-150x150.jpg\" class=\"attachment-thumbnail size-thumbnail\" alt=\"\" \/><\/a>\n\t\t\t<\/dt><\/dl><dl class='gallery-item'>\n\t\t\t<dt class='gallery-icon landscape'>\n\t\t\t\t<a href='https:\/\/www.staddi.de\/wp-content\/uploads\/2016\/09\/20160928_121522.jpg'><img loading=\"lazy\" decoding=\"async\" width=\"150\" height=\"150\" src=\"https:\/\/www.staddi.de\/wp-content\/uploads\/2016\/09\/20160928_121522-150x150.jpg\" class=\"attachment-thumbnail size-thumbnail\" alt=\"\" \/><\/a>\n\t\t\t<\/dt><\/dl><br style=\"clear: both\" \/><dl class='gallery-item'>\n\t\t\t<dt class='gallery-icon landscape'>\n\t\t\t\t<a href='https:\/\/www.staddi.de\/wp-content\/uploads\/2016\/09\/20160928_122508.jpg'><img loading=\"lazy\" decoding=\"async\" width=\"150\" height=\"150\" src=\"https:\/\/www.staddi.de\/wp-content\/uploads\/2016\/09\/20160928_122508-150x150.jpg\" class=\"attachment-thumbnail size-thumbnail\" alt=\"\" \/><\/a>\n\t\t\t<\/dt><\/dl><dl class='gallery-item'>\n\t\t\t<dt class='gallery-icon landscape'>\n\t\t\t\t<a href='https:\/\/www.staddi.de\/wp-content\/uploads\/2016\/09\/20160928_130346.jpg'><img loading=\"lazy\" decoding=\"async\" width=\"150\" height=\"150\" src=\"https:\/\/www.staddi.de\/wp-content\/uploads\/2016\/09\/20160928_130346-150x150.jpg\" class=\"attachment-thumbnail size-thumbnail\" alt=\"\" \/><\/a>\n\t\t\t<\/dt><\/dl><dl class='gallery-item'>\n\t\t\t<dt class='gallery-icon landscape'>\n\t\t\t\t<a href='https:\/\/www.staddi.de\/wp-content\/uploads\/2016\/09\/20160928_131123.jpg'><img loading=\"lazy\" decoding=\"async\" width=\"150\" height=\"150\" src=\"https:\/\/www.staddi.de\/wp-content\/uploads\/2016\/09\/20160928_131123-150x150.jpg\" class=\"attachment-thumbnail size-thumbnail\" alt=\"\" \/><\/a>\n\t\t\t<\/dt><\/dl><dl class='gallery-item'>\n\t\t\t<dt class='gallery-icon landscape'>\n\t\t\t\t<a href='https:\/\/www.staddi.de\/wp-content\/uploads\/2016\/09\/20160928_131134.jpg'><img loading=\"lazy\" decoding=\"async\" width=\"150\" height=\"150\" src=\"https:\/\/www.staddi.de\/wp-content\/uploads\/2016\/09\/20160928_131134-150x150.jpg\" class=\"attachment-thumbnail size-thumbnail\" alt=\"\" \/><\/a>\n\t\t\t<\/dt><\/dl><dl class='gallery-item'>\n\t\t\t<dt class='gallery-icon landscape'>\n\t\t\t\t<a href='https:\/\/www.staddi.de\/wp-content\/uploads\/2016\/09\/20160928_132042.jpg'><img loading=\"lazy\" decoding=\"async\" width=\"150\" height=\"150\" src=\"https:\/\/www.staddi.de\/wp-content\/uploads\/2016\/09\/20160928_132042-150x150.jpg\" class=\"attachment-thumbnail size-thumbnail\" alt=\"\" \/><\/a>\n\t\t\t<\/dt><\/dl><br style=\"clear: both\" \/><dl class='gallery-item'>\n\t\t\t<dt class='gallery-icon landscape'>\n\t\t\t\t<a href='https:\/\/www.staddi.de\/wp-content\/uploads\/2016\/09\/20160928_132049.jpg'><img loading=\"lazy\" decoding=\"async\" width=\"150\" height=\"150\" src=\"https:\/\/www.staddi.de\/wp-content\/uploads\/2016\/09\/20160928_132049-150x150.jpg\" class=\"attachment-thumbnail size-thumbnail\" alt=\"\" \/><\/a>\n\t\t\t<\/dt><\/dl><dl class='gallery-item'>\n\t\t\t<dt class='gallery-icon landscape'>\n\t\t\t\t<a href='https:\/\/www.staddi.de\/wp-content\/uploads\/2016\/09\/20160928_132104.jpg'><img loading=\"lazy\" decoding=\"async\" width=\"150\" height=\"150\" src=\"https:\/\/www.staddi.de\/wp-content\/uploads\/2016\/09\/20160928_132104-150x150.jpg\" class=\"attachment-thumbnail size-thumbnail\" alt=\"\" \/><\/a>\n\t\t\t<\/dt><\/dl><dl class='gallery-item'>\n\t\t\t<dt class='gallery-icon landscape'>\n\t\t\t\t<a href='https:\/\/www.staddi.de\/wp-content\/uploads\/2016\/09\/20160928_134316.jpg'><img loading=\"lazy\" decoding=\"async\" width=\"150\" height=\"150\" src=\"https:\/\/www.staddi.de\/wp-content\/uploads\/2016\/09\/20160928_134316-150x150.jpg\" class=\"attachment-thumbnail size-thumbnail\" alt=\"\" \/><\/a>\n\t\t\t<\/dt><\/dl><dl class='gallery-item'>\n\t\t\t<dt class='gallery-icon landscape'>\n\t\t\t\t<a href='https:\/\/www.staddi.de\/wp-content\/uploads\/2016\/09\/20160928_134323.jpg'><img loading=\"lazy\" decoding=\"async\" width=\"150\" height=\"150\" src=\"https:\/\/www.staddi.de\/wp-content\/uploads\/2016\/09\/20160928_134323-150x150.jpg\" class=\"attachment-thumbnail size-thumbnail\" alt=\"\" \/><\/a>\n\t\t\t<\/dt><\/dl><dl class='gallery-item'>\n\t\t\t<dt class='gallery-icon landscape'>\n\t\t\t\t<a href='https:\/\/www.staddi.de\/wp-content\/uploads\/2016\/09\/20160928_134910.jpg'><img loading=\"lazy\" decoding=\"async\" width=\"150\" height=\"150\" src=\"https:\/\/www.staddi.de\/wp-content\/uploads\/2016\/09\/20160928_134910-150x150.jpg\" class=\"attachment-thumbnail size-thumbnail\" alt=\"\" \/><\/a>\n\t\t\t<\/dt><\/dl><br style=\"clear: both\" \/><dl class='gallery-item'>\n\t\t\t<dt class='gallery-icon landscape'>\n\t\t\t\t<a href='https:\/\/www.staddi.de\/wp-content\/uploads\/2016\/09\/20160928_134917.jpg'><img loading=\"lazy\" decoding=\"async\" width=\"150\" height=\"150\" src=\"https:\/\/www.staddi.de\/wp-content\/uploads\/2016\/09\/20160928_134917-150x150.jpg\" class=\"attachment-thumbnail size-thumbnail\" alt=\"\" \/><\/a>\n\t\t\t<\/dt><\/dl><dl class='gallery-item'>\n\t\t\t<dt class='gallery-icon landscape'>\n\t\t\t\t<a href='https:\/\/www.staddi.de\/wp-content\/uploads\/2016\/09\/20160928_135308.jpg'><img loading=\"lazy\" decoding=\"async\" width=\"150\" height=\"150\" src=\"https:\/\/www.staddi.de\/wp-content\/uploads\/2016\/09\/20160928_135308-150x150.jpg\" class=\"attachment-thumbnail size-thumbnail\" alt=\"\" \/><\/a>\n\t\t\t<\/dt><\/dl><dl class='gallery-item'>\n\t\t\t<dt class='gallery-icon landscape'>\n\t\t\t\t<a href='https:\/\/www.staddi.de\/wp-content\/uploads\/2016\/09\/20160928_135645.jpg'><img loading=\"lazy\" decoding=\"async\" width=\"150\" height=\"150\" src=\"https:\/\/www.staddi.de\/wp-content\/uploads\/2016\/09\/20160928_135645-150x150.jpg\" class=\"attachment-thumbnail size-thumbnail\" alt=\"\" \/><\/a>\n\t\t\t<\/dt><\/dl><dl class='gallery-item'>\n\t\t\t<dt class='gallery-icon landscape'>\n\t\t\t\t<a href='https:\/\/www.staddi.de\/wp-content\/uploads\/2016\/09\/20160928_135649.jpg'><img loading=\"lazy\" decoding=\"async\" width=\"150\" height=\"150\" src=\"https:\/\/www.staddi.de\/wp-content\/uploads\/2016\/09\/20160928_135649-150x150.jpg\" class=\"attachment-thumbnail size-thumbnail\" alt=\"\" \/><\/a>\n\t\t\t<\/dt><\/dl>\n\t\t\t<br style='clear: both' \/>\n\t\t<\/div>\n\n<p><center><a href=\"http:\/\/staddi.de\/?page_id=94\">Inhalt<\/a><\/center><\/p>\n","protected":false},"excerpt":{"rendered":"<p>Der letzte Tag begann mit leichten Kopfschmerzen, aber daf\u00fcr hat man ja Ibuprofen mit. Zwei eingeworfen, geduscht, Kaffee getrunken und etwas gegessen und fr\u00fch los um 9:30, immerhin sollten es heute wieder 21km werden zum Abschlu\u00df. Angeblich ein Weg von 7 Stunden brauchte ich am Ende nur 6 Stunden bis [&hellip;]<\/p>\n","protected":false},"author":1,"featured_media":0,"parent":94,"menu_order":9,"comment_status":"closed","ping_status":"closed","template":"template-fullwidth.php","meta":{"footnotes":""},"class_list":["post-131","page","type-page","status-publish","hentry"],"_links":{"self":[{"href":"https:\/\/www.staddi.de\/index.php?rest_route=\/wp\/v2\/pages\/131","targetHints":{"allow":["GET"]}}],"collection":[{"href":"https:\/\/www.staddi.de\/index.php?rest_route=\/wp\/v2\/pages"}],"about":[{"href":"https:\/\/www.staddi.de\/index.php?rest_route=\/wp\/v2\/types\/page"}],"author":[{"embeddable":true,"href":"https:\/\/www.staddi.de\/index.php?rest_route=\/wp\/v2\/users\/1"}],"replies":[{"embeddable":true,"href":"https:\/\/www.staddi.de\/index.php?rest_route=%2Fwp%2Fv2%2Fcomments&post=131"}],"version-history":[{"count":5,"href":"https:\/\/www.staddi.de\/index.php?rest_route=\/wp\/v2\/pages\/131\/revisions"}],"predecessor-version":[{"id":309,"href":"https:\/\/www.staddi.de\/index.php?rest_route=\/wp\/v2\/pages\/131\/revisions\/309"}],"up":[{"embeddable":true,"href":"https:\/\/www.staddi.de\/index.php?rest_route=\/wp\/v2\/pages\/94"}],"wp:attachment":[{"href":"https:\/\/www.staddi.de\/index.php?rest_route=%2Fwp%2Fv2%2Fmedia&parent=131"}],"curies":[{"name":"wp","href":"https:\/\/api.w.org\/{rel}","templated":true}]}}