{"id":94,"date":"2016-09-29T21:50:14","date_gmt":"2016-09-29T19:50:14","guid":{"rendered":"http:\/\/staddi.de\/?page_id=94"},"modified":"2016-09-30T14:02:32","modified_gmt":"2016-09-30T12:02:32","slug":"irland","status":"publish","type":"page","link":"https:\/\/www.staddi.de\/?page_id=94","title":{"rendered":"Irland"},"content":{"rendered":"<p>Urlaubsreise vom 20.09.2016 bis 28.09.2016 (29.09.2016 war der R\u00fcckflug um 6:45 morgens)<\/p>\n<p>Eine kleine \u00dcbersicht des von mir gelaufenen Weges in Irland und nat\u00fcrlich weiterf\u00fchrend zu den Bildern, die ich gemacht habe. Insgesamt so um die 100km gelaufen, vielleicht etwas mehr. F\u00fcr eine genauere Karte f\u00fcr den Wicklow Way empfehle ich \u00fcbrigens die offizielle Seite des Wegs: <a href=\"http:\/\/www.wicklowway.com\/trail-maps\/\" target=\"_blank\">http:\/\/www.wicklowway.com\/trail-maps\/<\/a>, es gibt auch noch eine andere sehr gute Seite f\u00fcr Trails in Irland, da findet man z.B. auch den Avonmore Way: <a href=\"http:\/\/www.irishtrails.ie\/Trail\/Avonmore-Way\/905\/\" target=\"_blank\">http:\/\/www.irishtrails.ie\/Trail\/Avonmore-Way\/905\/<\/a>.<\/p>\n<p><a href=\"http:\/\/staddi.de\/wp-content\/uploads\/2016\/09\/Irland.png\"><img loading=\"lazy\" decoding=\"async\" class=\"alignnone size-medium wp-image-95\" src=\"http:\/\/staddi.de\/wp-content\/uploads\/2016\/09\/Irland-156x300.png\" alt=\"irland\" width=\"156\" height=\"300\" srcset=\"https:\/\/www.staddi.de\/wp-content\/uploads\/2016\/09\/Irland-156x300.png 156w, https:\/\/www.staddi.de\/wp-content\/uploads\/2016\/09\/Irland-29x55.png 29w, https:\/\/www.staddi.de\/wp-content\/uploads\/2016\/09\/Irland.png 486w\" sizes=\"auto, (max-width: 156px) 100vw, 156px\" \/><\/a><\/p>\n<p>Die Iren sind superfreundlich, trinkfest; wenn es laut Wetterbericht eine leichte Brise gibt, stellt man sich lieber auf einen etwas festeren Wind ein, der einen auch aus dem Gleichgewicht bringen kann wenn man auf dem Berg mit dem Rucksack steht; Dublin ist vor allem in die Breite aber nicht in die H\u00f6he gewachsen, sehr sch\u00f6ne Stadt, die sich ihren Stil bewahren will; neben dem Englischen trifft man auch immer auf die irische Sprache (Gaeilge), Beispiel Dublin =\u00a0Baile \u00c1tha Cliath. Und allgemein war das Wetter viel w\u00e4rmer und trockener als in Deutschland zur gleichen Zeit.<\/p>\n<p><a href=\"http:\/\/staddi.de\/?page_id=103\">Tag 1<\/a> || <a href=\"http:\/\/staddi.de\/?page_id=117\">Tag 2<\/a> || <a href=\"http:\/\/staddi.de\/?page_id=119\">Tag 3<\/a><br \/>\n<a href=\"http:\/\/staddi.de\/?page_id=121\">Tag 4<\/a> || <a href=\"http:\/\/staddi.de\/?page_id=123\">Tag 5<\/a> || <a href=\"http:\/\/staddi.de\/?page_id=125\">Tag 6<\/a><br \/>\n<a href=\"http:\/\/staddi.de\/?page_id=127\">Tag 7<\/a> || <a href=\"http:\/\/staddi.de\/?page_id=129\">Tag 8<\/a> || <a href=\"http:\/\/staddi.de\/?page_id=131\">Tag 9<\/a><\/p>\n","protected":false},"excerpt":{"rendered":"<p>Urlaubsreise vom 20.09.2016 bis 28.09.2016 (29.09.2016 war der R\u00fcckflug um 6:45 morgens) Eine kleine \u00dcbersicht des von mir gelaufenen Weges in Irland und nat\u00fcrlich weiterf\u00fchrend zu den Bildern, die ich gemacht habe. Insgesamt so um die 100km gelaufen, vielleicht etwas mehr. F\u00fcr eine genauere Karte f\u00fcr den Wicklow Way empfehle [&hellip;]<\/p>\n","protected":false},"author":1,"featured_media":0,"parent":0,"menu_order":0,"comment_status":"closed","ping_status":"closed","template":"template-fullwidth.php","meta":{"footnotes":""},"class_list":["post-94","page","type-page","status-publish","hentry"],"_links":{"self":[{"href":"https:\/\/www.staddi.de\/index.php?rest_route=\/wp\/v2\/pages\/94","targetHints":{"allow":["GET"]}}],"collection":[{"href":"https:\/\/www.staddi.de\/index.php?rest_route=\/wp\/v2\/pages"}],"about":[{"href":"https:\/\/www.staddi.de\/index.php?rest_route=\/wp\/v2\/types\/page"}],"author":[{"embeddable":true,"href":"https:\/\/www.staddi.de\/index.php?rest_route=\/wp\/v2\/users\/1"}],"replies":[{"embeddable":true,"href":"https:\/\/www.staddi.de\/index.php?rest_route=%2Fwp%2Fv2%2Fcomments&post=94"}],"version-history":[{"count":7,"href":"https:\/\/www.staddi.de\/index.php?rest_route=\/wp\/v2\/pages\/94\/revisions"}],"predecessor-version":[{"id":213,"href":"https:\/\/www.staddi.de\/index.php?rest_route=\/wp\/v2\/pages\/94\/revisions\/213"}],"wp:attachment":[{"href":"https:\/\/www.staddi.de\/index.php?rest_route=%2Fwp%2Fv2%2Fmedia&parent=94"}],"curies":[{"name":"wp","href":"https:\/\/api.w.org\/{rel}","templated":true}]}}